{"id":1257,"date":"2025-06-23T12:22:22","date_gmt":"2025-06-23T12:22:22","guid":{"rendered":"http:\/\/anazeenoff.test:8080\/?post_type=product&#038;p=1257"},"modified":"2025-10-26T22:56:22","modified_gmt":"2025-10-26T22:56:22","slug":"shampoing-anti-chute","status":"publish","type":"product","link":"https:\/\/www.anazeen.com\/ar\/product\/shampoing-anti-chute\/","title":{"rendered":"\u0634\u0627\u0645\u0628\u0648 \u0641\u0627\u0626\u0642 \u0627\u0644\u0646\u0639\u0648\u0645\u0629 - \u0645\u0636\u0627\u062f \u0644\u062a\u0633\u0627\u0642\u0637 \u0627\u0644\u0634\u0639\u0631"},"content":{"rendered":"<h2>SHAMPOING ANTI-CHUTE :<\/h2>\n<p><a href=\"https:\/\/www.anazeen.com\/ar\/\" target=\"_blank\" rel=\"noopener\">Anazeen<\/a> vous pr\u00e9sente Prenez soin de vos cheveux avec notre shampoing anti-chute qui a \u00e9t\u00e9 formul\u00e9 pour lutter efficacement contre la chute de cheveux tout en apportant un effet lissant imm\u00e9diat. Gr\u00e2ce \u00e0 sa synergie d\u2019actifs fortifiants, il renforce la fibre capillaire d\u00e8s la racine, stimule la microcirculation du cuir chevelu et favorise la repousse. Sa texture douce et son complexe lissant disciplinent les cheveux sans les alourdir et nettoie en profondeur sans agresser le cuir chevelu.<br \/>\nCompos\u00e9 d\u2019ingr\u00e9dients inspir\u00e9s des secrets de beaut\u00e9 d\u2019antan, il redonne force, densit\u00e9 et \u00e9clat \u00e0 votre chevelure. Jour apr\u00e8s jour, vos cheveux sont visiblement plus r\u00e9sistants, plus denses, plus sains et pleins de vitalit\u00e9.<\/p>\n<p>&nbsp;<\/p>\n<p><strong>SPECIFICATIONS\u00a0:<\/strong><\/p>\n<p><strong>\u0627\u0644\u0645\u0643\u0648\u0646\u0627\u062a \u0627\u0644\u0631\u0626\u064a\u0633\u064a\u0629:<\/strong>\u00a0Baicapil\u2122, <a href=\"http:\/\/Prot\u00e9ine de soie\">Prot\u00e9ine de soie<\/a>, biotine, k\u00e9ratine, ricin, argan&#8230;<\/p>\n<p><strong>\u0627\u0644\u062e\u0635\u0627\u0626\u0635: <\/strong>\u0645\u0627\u062f\u0629 \u0647\u0644\u0627\u0645\u064a\u0629<\/p>\n<p><strong>\u0637\u0631\u064a\u0642\u0629 \u0627\u0644\u0627\u0633\u062a\u0639\u0645\u0627\u0644:<\/strong><\/p>\n<ul>\n<li>\u2022\t\u0646\u0636\u0639 \u0643\u0645\u064a\u0629 \u0643\u0627\u0641\u064a\u0629 \u0645\u0646 \u0627\u0644\u0634\u0627\u0645\u0628\u0648 \u0639\u0644\u0649 \u0627\u0644\u0634\u0639\u0631 \u0627\u0644\u0645\u0628\u0644\u0644<\/li>\n<li>\u2022\t\u0646\u062f\u0644\u0643 \u0641\u0631\u0648\u0629 \u0627\u0644\u0631\u0623\u0633 \u0628\u0644\u0637\u0641 \u0641\u064a \u062d\u0631\u0643\u0627\u062a \u062f\u0627\u0626\u0631\u064a\u0629 \u0644\u062a\u062d\u0641\u064a\u0632 \u0627\u0644\u062f\u0648\u0631\u0629 \u0627\u0644\u062f\u0645\u0648\u064a\u0629 \u0627\u0644\u062f\u0642\u064a\u0642\u0629 \u0644\u0641\u0631\u0648\u0629 \u0627\u0644\u0631\u0623\u0633.<\/li>\n<li>\u2022\t\u0646\u0634\u0637\u0641 \u0627\u0644\u0634\u0639\u0631 \u062c\u064a\u062f\u064b\u0627 \u0628\u0627\u0644\u0645\u0627\u0621 \u0627\u0644\u0641\u0627\u062a\u0631<\/li>\n<li>\u2022\t\u0646\u0643\u0631\u0631 \u0627\u0644\u0639\u0645\u0644\u064a\u0629 \u0625\u0630\u0627 \u0644\u0632\u0645 \u0627\u0644\u0623\u0645\u0631 \u0644\u062a\u0646\u0638\u064a\u0641 \u0645\u062b\u0627\u0644\u064a.<\/li>\n<\/ul>\n<p><strong>\u0627\u062d\u062a\u064a\u0627\u0637\u0627\u062a \u0627\u0644\u0627\u0633\u062a\u062e\u062f\u0627\u0645:<\/strong><\/p>\n<p>\u0644\u0627 \u064a\u062c\u0628 \u0645\u0644\u0627\u0645\u0633\u062a\u0647 \u0644\u0644\u0639\u064a\u0646\u064a\u0646\u060c \u0648\u0625\u0630\u0627 \u062d\u062f\u062b \u062a\u0644\u0627\u0645\u0633 \u0645\u0639 \u0627\u0644\u0639\u064a\u0646\u064a\u0646\u060c \u064a\u062c\u0628 \u0634\u0637\u0641\u0647 \u062c\u064a\u062f\u0627 \u0628\u0627\u0644\u0645\u0627\u0621. \u064a\u064f\u062d\u0641\u0638 \u0628\u0639\u064a\u062f\u064b\u0627 \u0639\u0646 \u0645\u062a\u0646\u0627\u0648\u0644 \u0627\u0644\u0623\u0637\u0641\u0627\u0644.<\/p>\n<p><strong>\u0627\u0644\u062a\u062e\u0632\u064a\u0646:<\/strong><\/p>\n<p>\u064a\u064f\u062d\u0641\u0638 \u0641\u064a \u0645\u0643\u0627\u0646 \u062c\u0627\u0641 \u0641\u064a \u062f\u0631\u062c\u0629 \u062d\u0631\u0627\u0631\u0629 \u0627\u0644\u063a\u0631\u0641\u0629 (15 \u062f\u0631\u062c\u0629 \u0625\u0644\u0649 25 \u062f\u0631\u062c\u0629 \u0645\u0626\u0648\u064a\u0629)\u060c \u0628\u0639\u064a\u062f\u0627\u064b \u0639\u0646 \u0627\u0644\u062d\u0631\u0627\u0631\u0629 \u0648\u0627\u0644\u0636\u0648\u0621. \u0641\u062a\u0631\u0629 \u0627\u0644\u0627\u0633\u062a\u062e\u062f\u0627\u0645 \u0627\u0644\u0645\u0648\u0635\u064a \u0628\u0647\u0627 \u0647\u064a 6 \u0623\u0634\u0647\u0631 \u0628\u0639\u062f \u0641\u062a\u062d \u0627\u0644\u0645\u0646\u062a\u0648\u062c<\/p>","protected":false},"excerpt":{"rendered":"<p>SHAMPOING ANTI-CHUTE : Anazeen vous pr\u00e9sente Prenez soin de vos cheveux avec notre shampoing anti-chute qui a \u00e9t\u00e9 formul\u00e9 pour lutter efficacement contre la chute de cheveux tout en apportant un effet lissant imm\u00e9diat. Gr\u00e2ce \u00e0 sa synergie d\u2019actifs fortifiants, il renforce la fibre capillaire d\u00e8s la racine, stimule la microcirculation du cuir chevelu et [&hellip;]<\/p>","protected":false},"featured_media":1299,"comment_status":"open","ping_status":"closed","template":"","meta":{"site-sidebar-layout":"default","site-content-layout":"","ast-site-content-layout":"default","site-content-style":"default","site-sidebar-style":"default","ast-global-header-display":"","ast-banner-title-visibility":"","ast-main-header-display":"","ast-hfb-above-header-display":"","ast-hfb-below-header-display":"","ast-hfb-mobile-header-display":"","site-post-title":"","ast-breadcrumbs-content":"","ast-featured-img":"","footer-sml-layout":"","theme-transparent-header-meta":"default","adv-header-id-meta":"","stick-header-meta":"","header-above-stick-meta":"","header-main-stick-meta":"","header-below-stick-meta":"","astra-migrate-meta-layouts":"set","ast-page-background-enabled":"default","ast-page-background-meta":{"desktop":{"background-color":"var(--ast-global-color-4)","background-image":"","background-repeat":"repeat","background-position":"center center","background-size":"auto","background-attachment":"scroll","background-type":"","background-media":"","overlay-type":"","overlay-color":"","overlay-opacity":"","overlay-gradient":""},"tablet":{"background-color":"","background-image":"","background-repeat":"repeat","background-position":"center center","background-size":"auto","background-attachment":"scroll","background-type":"","background-media":"","overlay-type":"","overlay-color":"","overlay-opacity":"","overlay-gradient":""},"mobile":{"background-color":"","background-image":"","background-repeat":"repeat","background-position":"center center","background-size":"auto","background-attachment":"scroll","background-type":"","background-media":"","overlay-type":"","overlay-color":"","overlay-opacity":"","overlay-gradient":""}},"ast-content-background-meta":{"desktop":{"background-color":"var(--ast-global-color-5)","background-image":"","background-repeat":"repeat","background-position":"center center","background-size":"auto","background-attachment":"scroll","background-type":"","background-media":"","overlay-type":"","overlay-color":"","overlay-opacity":"","overlay-gradient":""},"tablet":{"background-color":"var(--ast-global-color-5)","background-image":"","background-repeat":"repeat","background-position":"center center","background-size":"auto","background-attachment":"scroll","background-type":"","background-media":"","overlay-type":"","overlay-color":"","overlay-opacity":"","overlay-gradient":""},"mobile":{"background-color":"var(--ast-global-color-5)","background-image":"","background-repeat":"repeat","background-position":"center center","background-size":"auto","background-attachment":"scroll","background-type":"","background-media":"","overlay-type":"","overlay-color":"","overlay-opacity":"","overlay-gradient":""}}},"product_brand":[],"product_cat":[91],"product_tag":[],"class_list":{"0":"post-1257","1":"product","2":"type-product","3":"status-publish","4":"has-post-thumbnail","6":"product_cat-gamme-capillaire","7":"desktop-align-left","8":"tablet-align-left","9":"mobile-align-left","11":"first","12":"instock","13":"shipping-taxable","14":"purchasable","15":"product-type-simple"},"_links":{"self":[{"href":"https:\/\/www.anazeen.com\/ar\/wp-json\/wp\/v2\/product\/1257","targetHints":{"allow":["GET"]}}],"collection":[{"href":"https:\/\/www.anazeen.com\/ar\/wp-json\/wp\/v2\/product"}],"about":[{"href":"https:\/\/www.anazeen.com\/ar\/wp-json\/wp\/v2\/types\/product"}],"replies":[{"embeddable":true,"href":"https:\/\/www.anazeen.com\/ar\/wp-json\/wp\/v2\/comments?post=1257"}],"wp:featuredmedia":[{"embeddable":true,"href":"https:\/\/www.anazeen.com\/ar\/wp-json\/wp\/v2\/media\/1299"}],"wp:attachment":[{"href":"https:\/\/www.anazeen.com\/ar\/wp-json\/wp\/v2\/media?parent=1257"}],"wp:term":[{"taxonomy":"product_brand","embeddable":true,"href":"https:\/\/www.anazeen.com\/ar\/wp-json\/wp\/v2\/product_brand?post=1257"},{"taxonomy":"product_cat","embeddable":true,"href":"https:\/\/www.anazeen.com\/ar\/wp-json\/wp\/v2\/product_cat?post=1257"},{"taxonomy":"product_tag","embeddable":true,"href":"https:\/\/www.anazeen.com\/ar\/wp-json\/wp\/v2\/product_tag?post=1257"}],"curies":[{"name":"wp","href":"https:\/\/api.w.org\/{rel}","templated":true}]}}