{"id":1255,"date":"2025-06-23T12:17:24","date_gmt":"2025-06-23T12:17:24","guid":{"rendered":"http:\/\/anazeenoff.test:8080\/?post_type=product&#038;p=1255"},"modified":"2026-04-08T00:46:25","modified_gmt":"2026-04-08T00:46:25","slug":"huile-anti-chute","status":"publish","type":"product","link":"https:\/\/www.anazeen.com\/ar\/product\/huile-anti-chute\/","title":{"rendered":"\u0632\u064a\u062a \u0645\u0636\u0627\u062f \u0644\u062a\u0633\u0627\u0642\u0637 \u0627\u0644\u0634\u0639\u0631 \u0648\u0625\u0639\u0627\u062f\u0629 \u0646\u0645\u0648\u0647"},"content":{"rendered":"<p>\u0627\u0644\u062e\u0635\u0627\u0626\u0635:<\/p>\n<p class=\"translation-block\">Inspir\u00e9e des rem\u00e8des traditionnels et des recettes de grand-m\u00e8re. Riche en huiles v\u00e9g\u00e9tales nobles et en extraits fortifiants, notre huile capillaire anti-chute est une formule sp\u00e9cialement con\u00e7ue pour r\u00e9duire la perte de cheveux, favoriser la repousse et la vitalit\u00e9 capillaire et nourrir le cuir chevelu en profondeur, offrant ainsi une solution compl\u00e8te pour des cheveux plus forts et en meilleure sant\u00e9.<br>\r\nCe soin authentique, est un retour \u00e0 nos sources et \u00e0 nos traditions marocaines dans le traitement et l\u2019entretien des cheveux, pour leur redonner force, \u00e9clat et vitalit\u00e9.<\/p>\n<p>&nbsp;<\/p>\n<p><strong>\u0627\u0644\u0645\u0648\u0627\u0635\u0641\u0627\u062a:<\/strong><\/p>\n<p><strong>\u0627\u0644\u0645\u0643\u0648\u0646\u0627\u062a \u0627\u0644\u0631\u0626\u064a\u0633\u064a\u0629:<\/strong> \u0632\u064a\u062a \u0627\u0644\u0632\u064a\u062a\u0648\u0646\u060c \u0632\u064a\u062a \u0627\u0644\u0644\u0648\u0632 \u0627\u0644\u062d\u0644\u0648\u060c \u0632\u064a\u062a \u0627\u0644\u062e\u0631\u062f\u0644\u060c \u0632\u064a\u062a \u0627\u0644\u062e\u0631\u0648\u0639\u060c \u0632\u064a\u062a \u0627\u0644\u0623\u0631\u0643\u0627\u0646\u060c \u0632\u064a\u062a \u062c\u0646\u064a\u0646 \u0627\u0644\u0642\u0645\u062d\u060c \u0632\u064a\u062a \u0627\u0644\u0633\u0645\u0633\u0645\u060c \u0632\u064a\u062a \u0628\u0630\u0631 \u0627\u0644\u0643\u062a\u0627\u0646\u060c \u0632\u064a\u062a \u0627\u0644\u062d\u0628\u0629 \u0627\u0644\u0633\u0648\u062f\u0627\u0621\u060c \u0632\u064a\u062a \u0627\u0644\u0623\u0641\u0648\u0643\u0627\u062f\u0648\u060c \u0632\u064a\u062a \u0627\u0644\u062b\u0648\u0645\u060c \u0632\u064a\u062a \u0627\u0644\u0632\u0639\u062a\u0631\u060c \u0632\u064a\u062a \u0634\u062c\u0631\u0629 \u0627\u0644\u0634\u0627\u064a \u0627\u0644\u0623\u0633\u0627\u0633\u064a\u060c \u0632\u064a\u062a \u0627\u0644\u0631\u0648\u0632\u0645\u0627\u0631\u064a \u0627\u0644\u0623\u0633\u0627\u0633\u064a...\n\u0627\u0644\u062e\u0635\u0627\u0626\u0635: \u0632\u064a\u062a<\/p>\n<p>&nbsp;<\/p>\n<p><strong>\u0637\u0631\u064a\u0642\u0629 \u0627\u0644\u0627\u0633\u062a\u0639\u0645\u0627\u0644:<\/strong><\/p>\n<p>\u0646\u0636\u0639 \u0628\u0636\u0639 \u0642\u0637\u0631\u0627\u062a \u0645\u0646 \u0627\u0644\u0632\u064a\u062a \u0639\u0644\u0649 \u0641\u0631\u0648\u0629 \u0627\u0644\u0631\u0623\u0633 \u0648\u0646\u062f\u0644\u0643\u0647 \u0628\u0644\u0637\u0641 \u0628\u0623\u0637\u0631\u0627\u0641 \u0627\u0644\u0623\u0635\u0627\u0628\u0639 \u062d\u062a\u0649 \u062a\u0645\u062a\u0635\u0647 \u0641\u0631\u0648\u0629 \u0627\u0644\u0631\u0623\u0633 \u062c\u064a\u062f\u0627. \u0646\u063a\u0637\u064a \u0627\u0644\u0634\u0639\u0631 \u0648\u0646\u062a\u0631\u0643\u0647 \u0644\u0645\u062f\u0629 \u0633\u0627\u0639\u062a\u064a\u0646 \u062a\u0642\u0631\u064a\u0628\u064b\u0627 \u0642\u0628\u0644 \u0627\u0644\u0627\u0633\u062a\u062d\u0645\u0627\u0645<\/p>\n<p><strong>\u0627\u062d\u062a\u064a\u0627\u0637\u0627\u062a \u0627\u0644\u0627\u0633\u062a\u062e\u062f\u0627\u0645:<\/strong><\/p>\n<p>\u0644\u0627 \u064a\u062c\u0628 \u0645\u0644\u0627\u0645\u0633\u062a\u0647 \u0644\u0644\u0639\u064a\u0646\u064a\u0646\u060c \u0648\u0625\u0630\u0627 \u062d\u062f\u062b \u062a\u0644\u0627\u0645\u0633 \u0645\u0639 \u0627\u0644\u0639\u064a\u0646\u064a\u0646\u060c \u064a\u062c\u0628 \u0634\u0637\u0641\u0647 \u062c\u064a\u062f\u0627 \u0628\u0627\u0644\u0645\u0627\u0621. \u064a\u064f\u062d\u0641\u0638 \u0628\u0639\u064a\u062f\u064b\u0627 \u0639\u0646 \u0645\u062a\u0646\u0627\u0648\u0644 \u0627\u0644\u0623\u0637\u0641\u0627\u0644<\/p>\n<p>&nbsp;<\/p>\n<p><strong>\u0627\u0644\u062a\u062e\u0632\u064a\u0646:<\/strong><\/p>\n<p>\u064a\u064f\u062d\u0641\u0638 \u0641\u064a \u0645\u0643\u0627\u0646 \u062c\u0627\u0641 \u0641\u064a \u062f\u0631\u062c\u0629 \u062d\u0631\u0627\u0631\u0629 \u0627\u0644\u063a\u0631\u0641\u0629 (15 \u062f\u0631\u062c\u0629 \u0625\u0644\u0649 25 \u062f\u0631\u062c\u0629 \u0645\u0626\u0648\u064a\u0629)\u060c \u0628\u0639\u064a\u062f\u0627\u064b \u0639\u0646 \u0627\u0644\u062d\u0631\u0627\u0631\u0629 \u0648\u0627\u0644\u0636\u0648\u0621. \u0641\u062a\u0631\u0629 \u0627\u0644\u0627\u0633\u062a\u062e\u062f\u0627\u0645 \u0627\u0644\u0645\u0648\u0635\u064a \u0628\u0647\u0627 \u0647\u064a 6 \u0623\u0634\u0647\u0631 \u0628\u0639\u062f \u0641\u062a\u062d \u0627\u0644\u0645\u0646\u062a\u0648\u062c<\/p>","protected":false},"excerpt":{"rendered":"<p>PROPRIETES : Inspir\u00e9e des rem\u00e8des traditionnels et des recettes de grand-m\u00e8re. Riche en huiles v\u00e9g\u00e9tales nobles et en extraits fortifiants, notre huile capillaire anti-chute est une formule sp\u00e9cialement con\u00e7ue pour r\u00e9duire la perte de cheveux, favoriser la repousse et la vitalit\u00e9 capillaire et nourrir le cuir chevelu en profondeur, offrant ainsi une solution compl\u00e8te pour [&hellip;]<\/p>","protected":false},"featured_media":1298,"comment_status":"open","ping_status":"closed","template":"","meta":{"site-sidebar-layout":"default","site-content-layout":"","ast-site-content-layout":"default","site-content-style":"default","site-sidebar-style":"default","ast-global-header-display":"","ast-banner-title-visibility":"","ast-main-header-display":"","ast-hfb-above-header-display":"","ast-hfb-below-header-display":"","ast-hfb-mobile-header-display":"","site-post-title":"","ast-breadcrumbs-content":"","ast-featured-img":"","footer-sml-layout":"","theme-transparent-header-meta":"default","adv-header-id-meta":"","stick-header-meta":"","header-above-stick-meta":"","header-main-stick-meta":"","header-below-stick-meta":"","astra-migrate-meta-layouts":"set","ast-page-background-enabled":"default","ast-page-background-meta":{"desktop":{"background-color":"var(--ast-global-color-4)","background-image":"","background-repeat":"repeat","background-position":"center center","background-size":"auto","background-attachment":"scroll","background-type":"","background-media":"","overlay-type":"","overlay-color":"","overlay-opacity":"","overlay-gradient":""},"tablet":{"background-color":"","background-image":"","background-repeat":"repeat","background-position":"center center","background-size":"auto","background-attachment":"scroll","background-type":"","background-media":"","overlay-type":"","overlay-color":"","overlay-opacity":"","overlay-gradient":""},"mobile":{"background-color":"","background-image":"","background-repeat":"repeat","background-position":"center center","background-size":"auto","background-attachment":"scroll","background-type":"","background-media":"","overlay-type":"","overlay-color":"","overlay-opacity":"","overlay-gradient":""}},"ast-content-background-meta":{"desktop":{"background-color":"var(--ast-global-color-5)","background-image":"","background-repeat":"repeat","background-position":"center center","background-size":"auto","background-attachment":"scroll","background-type":"","background-media":"","overlay-type":"","overlay-color":"","overlay-opacity":"","overlay-gradient":""},"tablet":{"background-color":"var(--ast-global-color-5)","background-image":"","background-repeat":"repeat","background-position":"center center","background-size":"auto","background-attachment":"scroll","background-type":"","background-media":"","overlay-type":"","overlay-color":"","overlay-opacity":"","overlay-gradient":""},"mobile":{"background-color":"var(--ast-global-color-5)","background-image":"","background-repeat":"repeat","background-position":"center center","background-size":"auto","background-attachment":"scroll","background-type":"","background-media":"","overlay-type":"","overlay-color":"","overlay-opacity":"","overlay-gradient":""}}},"product_brand":[],"product_cat":[91],"product_tag":[],"class_list":{"0":"post-1255","1":"product","2":"type-product","3":"status-publish","4":"has-post-thumbnail","6":"product_cat-gamme-capillaire","7":"desktop-align-left","8":"tablet-align-left","9":"mobile-align-left","11":"first","12":"instock","13":"shipping-taxable","14":"purchasable","15":"product-type-simple"},"_links":{"self":[{"href":"https:\/\/www.anazeen.com\/ar\/wp-json\/wp\/v2\/product\/1255","targetHints":{"allow":["GET"]}}],"collection":[{"href":"https:\/\/www.anazeen.com\/ar\/wp-json\/wp\/v2\/product"}],"about":[{"href":"https:\/\/www.anazeen.com\/ar\/wp-json\/wp\/v2\/types\/product"}],"replies":[{"embeddable":true,"href":"https:\/\/www.anazeen.com\/ar\/wp-json\/wp\/v2\/comments?post=1255"}],"wp:featuredmedia":[{"embeddable":true,"href":"https:\/\/www.anazeen.com\/ar\/wp-json\/wp\/v2\/media\/1298"}],"wp:attachment":[{"href":"https:\/\/www.anazeen.com\/ar\/wp-json\/wp\/v2\/media?parent=1255"}],"wp:term":[{"taxonomy":"product_brand","embeddable":true,"href":"https:\/\/www.anazeen.com\/ar\/wp-json\/wp\/v2\/product_brand?post=1255"},{"taxonomy":"product_cat","embeddable":true,"href":"https:\/\/www.anazeen.com\/ar\/wp-json\/wp\/v2\/product_cat?post=1255"},{"taxonomy":"product_tag","embeddable":true,"href":"https:\/\/www.anazeen.com\/ar\/wp-json\/wp\/v2\/product_tag?post=1255"}],"curies":[{"name":"wp","href":"https:\/\/api.w.org\/{rel}","templated":true}]}}